{"id":111,"date":"2019-10-10T13:18:03","date_gmt":"2019-10-10T13:18:03","guid":{"rendered":"https:\/\/www.bastide-innovation.fr\/?page_id=111"},"modified":"2021-05-27T13:02:33","modified_gmt":"2021-05-27T13:02:33","slug":"aide","status":"publish","type":"page","link":"https:\/\/www.bastide-innovation.fr\/en\/aide\/","title":{"rendered":"Help"},"content":{"rendered":"<p>[et_pb_section fb_built=&#8221;1&#8243; _builder_version=&#8221;3.29.3&#8243;][et_pb_row _builder_version=&#8221;4.9.0&#8243;][et_pb_column type=&#8221;4_4&#8243; _builder_version=&#8221;3.29.3&#8243;][et_pb_text _builder_version=&#8221;4.9.0&#8243;]<\/p>\n<h1>MODE OPERATOIRE INSCRIPTION<\/h1>\n<p>[\/et_pb_text][et_pb_text _builder_version=&#8221;4.9.0&#8243;]<\/p>\n<p style=\"text-align: justify;\">Je me connecte sur <a href=\"http:\/\/www.Bastide-innovation.fr\">www.Bastide-innovation.fr<\/a>.<\/p>\n<ul style=\"text-align: justify;\">\n<li>\u00a0Sous la rubrique &#8220;Nouvel utilisateur ?&#8221; , je renseigne les informations n\u00e9cessaires \u00e0 la cr\u00e9ation de mon compte.<\/li>\n<\/ul>\n<p style=\"text-align: justify;\">Les intitul\u00e9s accompagn\u00e9s d&#8217;un ast\u00e9risque rouge (<span style=\"color: #800000;\"> *<\/span> ) sont obligatoires. Les autres cases comme Service et Fonction sont facultatives pour cr\u00e9er mon compte.<\/p>\n<p style=\"text-align: justify;\">J&#8217;accepte la politique de confidentialit\u00e9 et m&#8217;enregistre afin de cr\u00e9er mon compte.<\/p>\n<ul style=\"text-align: justify;\">\n<li>D\u00e8s mon inscription, je re\u00e7ois un mail de confirmation me permettant de me rendre sur le site. Le mail peut arriver dans les courriers <strong>ind\u00e9sirables<\/strong>\/<strong>Spam<\/strong>.<\/li>\n<\/ul>\n<p style=\"text-align: justify;\"><span style=\"text-decoration: underline;\">Deux cas se pr\u00e9sentent :<\/span><\/p>\n<p style=\"text-align: justify;\"><img src=\"https:\/\/www.bastide-innovation.fr\/wp-content\/themes\/Divi\/includes\/builder\/frontend-builder\/assets\/vendors\/plugins\/emoticons\/img\/smiley-smile.gif\" alt=\"smile\" \/>\u00a0J&#8217;ai re\u00e7u le mail de confirmation et navigue sur le site afin de d\u00e9couvrir le concours innovation<\/p>\n<p style=\"text-align: justify;\"><img src=\"https:\/\/www.bastide-innovation.fr\/wp-content\/themes\/Divi\/includes\/builder\/frontend-builder\/assets\/vendors\/plugins\/emoticons\/img\/smiley-frown.gif\" alt=\"frown\" \/>\u00a0Le mail n&#8217;arrive pas et\/ou un message d&#8217;erreur apparait lors de la confirmation de mon email<\/p>\n<p style=\"text-align: justify;\">\u2192 Solutions :\u00a0Concernant la r\u00e9ception du mail, il peut mettre au maximum plusieurs heures \u00e0 arriver. Concernant l&#8217;apparition d&#8217;un message d&#8217;erreur, votre compte est tout de m\u00eame actif.<\/p>\n<p style=\"text-align: justify;\">Vous pouvez donc vous rendre sur le site et d\u00e9couvrir le concours innovation.<\/p>\n<ul>\n<li style=\"text-align: justify;\">En cas d&#8217;<strong>oubli de mot de passe<\/strong>, vous pouvez vous rendre dans l&#8217;onglet Mon compte\u00a0<a href=\"https:\/\/www.bastide-innovation.fr\/en\/mon-compte\/\">https:\/\/www.bastide-innovation.fr\/mon-compte\/<\/a>\u00a0 pour reinitialiser votre mot de passe<\/li>\n<li>Si des probl\u00e8mes persistent, vous pouvez contacter\u00a0 <a href=\"mailto:contact@bastide-medical.fr\">contact@bastide-innovation.fr<\/a>\u00a0 ou le 06 09 33 96 06<\/li>\n<\/ul>\n<p style=\"text-align: justify;\">Merci<\/p>\n<p style=\"text-align: justify;\">A vos id\u00e9es !<\/p>\n<p>[\/et_pb_text][\/et_pb_column][\/et_pb_row][et_pb_row _builder_version=&#8221;4.9.0&#8243; _module_preset=&#8221;default&#8221;][et_pb_column _builder_version=&#8221;4.9.0&#8243; _module_preset=&#8221;default&#8221; type=&#8221;4_4&#8243;][et_pb_text _builder_version=&#8221;4.9.0&#8243; _module_preset=&#8221;default&#8221; text_font_size=&#8221;27px&#8221; text_text_color=&#8221;#000000&#8243; hover_enabled=&#8221;0&#8243; sticky_enabled=&#8221;0&#8243; min_height=&#8221;43px&#8221;]<\/p>\n<p>MODE OPERATOIRE VOTE<\/p>\n<p>&nbsp;<\/p>\n<p>[\/et_pb_text][et_pb_text _builder_version=&#8221;4.9.0&#8243; _module_preset=&#8221;default&#8221; hover_enabled=&#8221;0&#8243; sticky_enabled=&#8221;0&#8243; custom_padding=&#8221;0px|||||&#8221; custom_margin=&#8221;-36px|||||&#8221;]<\/p>\n<table width=\"100%\">\n<tbody>\n<tr>\n<td>\n<p><strong>Suivez ce Mode Op\u00e9ratoire pour voter pour votre id\u00e9e pr\u00e9f\u00e9r\u00e9e :<\/strong><\/p>\n<p>1. <span style=\"font-style: inherit; font-weight: inherit;\">Rendez-vous sur le site de <\/span><u><a href=\"https:\/\/eur01.safelinks.protection.outlook.com\/?url=https%3A%2F%2Feye.info.bastide-medical.fr%2Fc%3Fp%3DwATNAlXDxBDQu9Ct0LIY0NvrSV_QnxpWKiRyOQrEENDKIDbQk-Y3RfDQrm5H0NbQiAdxItkiaHR0cHM6Ly93d3cuYmFzdGlkZS1pbm5vdmF0aW9uLmZyL7g1YzM0NWY2YWI4NWI1MzQ5OWVkZGZmMDXEECfqC3XsMkXQwNCd0L3uAPZj6GnAtjdVazYtQzNkUTVLNGdtTHpEUF9ZZVG7ZXllLmluZm8uYmFzdGlkZS1tZWRpY2FsLmZyxBTQz3TQs3wd0NnQidDN_fzQ1nkc0NL00M_4INCeMA&amp;data=04%7C01%7C%7Cb1d75750ec5b4d25c0ec08d9204d8e7f%7C3252b6c32a82474bbcefa6a72cfd74dc%7C1%7C0%7C637576339753635436%7CUnknown%7CTWFpbGZsb3d8eyJWIjoiMC4wLjAwMDAiLCJQIjoiV2luMzIiLCJBTiI6Ik1haWwiLCJXVCI6Mn0%3D%7C1000&amp;sdata=Xq5n95dL4PcS1%2FrqJY93ogw6vneyu34loUvJL6Cluko%3D&amp;reserved=0\" style=\"font-style: inherit; font-weight: inherit;\" data-link-id=\"yiA2k-Y3RfCubkfWiAdxIg\">Bastide Innovation<\/a><\/u>\u00a0(si vous rencontrez des difficult\u00e9s \u00e0 vous inscrire, cliquez sur ce <u><a href=\"https:\/\/eur01.safelinks.protection.outlook.com\/?url=https%3A%2F%2Feye.info.bastide-medical.fr%2Fc%3Fp%3DwATNAlXDxBDQu9Ct0LIY0NvrSV_QnxpWKiRyOQrEENDL8NCY0IUQG0rQ3NCqUtCa0JJ-UlfQiNknaHR0cHM6Ly93d3cuYmFzdGlkZS1pbm5vdmF0aW9uLmZyL2FpZGUvuDVjMzQ1ZjZhYjg1YjUzNDk5ZWRkZmYwNcQQJ-oLdewyRdDA0J3Qve4A9mPoacC2N1VrNi1DM2RRNUs0Z21MekRQX1llUbtleWUuaW5mby5iYXN0aWRlLW1lZGljYWwuZnLEFNDPdNCzfB3Q2dCJ0M39_NDWeRzQ0vTQz_gg0J4w&amp;data=04%7C01%7C%7Cb1d75750ec5b4d25c0ec08d9204d8e7f%7C3252b6c32a82474bbcefa6a72cfd74dc%7C1%7C0%7C637576339753645403%7CUnknown%7CTWFpbGZsb3d8eyJWIjoiMC4wLjAwMDAiLCJQIjoiV2luMzIiLCJBTiI6Ik1haWwiLCJXVCI6Mn0%3D%7C1000&amp;sdata=qdEIH5uEO1GRnztCJzQEc1HpGem0Pxt2arqOmxDoTSk%3D&amp;reserved=0\" style=\"font-style: inherit; font-weight: inherit;\" data-link-id=\"y_CYhRAbStyqUpqSflJXiA\">lien d&#8217;aide<\/a><\/u>).<\/p>\n<p>2. <span style=\"font-style: inherit; font-weight: inherit;\">Une fois connect\u00e9, cliquez sur le bouton \u00ab Je vote ! \u00bb sur la page d&#8217;accueil ;<\/span><\/p>\n<p>3. Visionnez l&#8217;ensemble des vid\u00e9os (11) afin de faire votre choix ;<\/p>\n<p>4. <span style=\"font-style: inherit; font-weight: inherit;\">S\u00e9lectionnez \u00e0 la suite des vid\u00e9os vos pr\u00e9f\u00e9r\u00e9es (au maximum 3) ;<\/span><\/p>\n<p>5. <span style=\"font-style: inherit; font-weight: inherit;\">Acceptez le r\u00e8glement et la politique de confidentialit\u00e9 ;<\/span><\/p>\n<p>6. <span style=\"font-style: inherit; font-weight: inherit;\">Terminez par cliquer sur \u00ab VOTER ! \u00bb pour valider vos choix.<\/span><\/p>\n<\/td>\n<\/tr>\n<\/tbody>\n<\/table>\n<p>[\/et_pb_text][\/et_pb_column][\/et_pb_row][et_pb_row column_structure=&#8221;2_3,1_3&#8243; _builder_version=&#8221;3.29.3&#8243;][et_pb_column type=&#8221;2_3&#8243; _builder_version=&#8221;3.29.3&#8243;][et_pb_text _builder_version=&#8221;4.9.0&#8243;]<\/p>\n<h2>FAQ CHALLENGE BASTIDE INNOVATION<\/h2>\n<p>[\/et_pb_text][et_pb_text _builder_version=&#8221;4.9.0&#8243;]<\/p>\n<h4>Si je souhaite modifier mon projet, que dois-je faire ?<\/h4>\n<p>Envoyez-nous un mail \u00e0 contact@bastide-innovation.fr avec la modification que vous souhaitez effectuer. Nous vous indiquerons ensuite les proc\u00e9dures \u00e0 suivre.<\/p>\n<h4>Puis-je supprimer mon projet ?<\/h4>\n<p>Vous pourrez faire la demande de suppression de votre projet par mail \u00e0 contact@bastide-innovation.fr avant la fermeture du d\u00e9p\u00f4t d\u2019id\u00e9e le 16 avril 2021.<\/p>\n<h4>Que se passe-t-il une fois que je suis pr\u00e9s\u00e9lectionn\u00e9(e) ?<\/h4>\n<p>Du 30.04 au 17.05, vous devrez r\u00e9aliser une vid\u00e9o de 3 min maximum pour pr\u00e9senter et d\u00e9fendre votre id\u00e9e. Vous recevrez par mail des indications pour pouvoir vous orienter et vous aider.<br \/> Une fois votre vid\u00e9o r\u00e9alis\u00e9e et envoy\u00e9e \u00e0 contact@bastide-innovation.fr, elle sera visionn\u00e9e par tous les collaborateurs pour qu\u2019ils puissent voter ; vous proc\u00e9derez, ensuite, \u00e0 un passage devant le jury.<\/p>\n<h4>Si je suis pr\u00e9s\u00e9lectionn\u00e9(e), suis-je oblig\u00e9(e) de r\u00e9aliser la vid\u00e9o ?<\/h4>\n<p>Oui, cela fait partie des modalit\u00e9s d\u2019accessibilit\u00e9 du Challenge Bastide Innovation.<\/p>\n<h4>Comment se d\u00e9roulera la journ\u00e9e avec le jury ?<\/h4>\n<p>Vous serez invit\u00e9 \u00e0 pr\u00e9senter, par visioconf\u00e9rence, votre id\u00e9e d\u2019innovation. Pour une \u00e9quipe, un seul repr\u00e9sentant pourra d\u00e9fendre son id\u00e9e.<\/p>\n<p>&nbsp;<\/p>\n<p>[\/et_pb_text][\/et_pb_column][et_pb_column type=&#8221;1_3&#8243; _builder_version=&#8221;3.29.3&#8243;][\/et_pb_column][\/et_pb_row][et_pb_row column_structure=&#8221;1_4,1_2,1_4&#8243; _builder_version=&#8221;3.29.3&#8243;][et_pb_column type=&#8221;1_4&#8243; _builder_version=&#8221;3.29.3&#8243;][\/et_pb_column][et_pb_column type=&#8221;1_2&#8243; _builder_version=&#8221;3.29.3&#8243;][et_pb_text _builder_version=&#8221;3.29.3&#8243;]<\/p>\n<h3>Besoin d&#8217;aide ?<\/h3>\n<p>Vous n&#8217;avez pas trouv\u00e9 de r\u00e9ponses \u00e0 vos questions. Nous vous assistons pendant le Challenge. Ecrivez-nous !<\/p>\n<p>[\/et_pb_text][et_pb_contact_form email=&#8221;innovation@bastide-medical.fr&#8221; _builder_version=&#8221;4.6.6&#8243; custom_button=&#8221;on&#8221; button_text_color=&#8221;#ffffff&#8221; button_bg_color=&#8221;#009999&#8243; button_border_color=&#8221;#009999&#8243;][et_pb_contact_field field_id=&#8221;Name&#8221; field_title=&#8221;Nom&#8221; _builder_version=&#8221;3.16&#8243; button_text_size__hover_enabled=&#8221;off&#8221; button_one_text_size__hover_enabled=&#8221;off&#8221; button_two_text_size__hover_enabled=&#8221;off&#8221; button_text_color__hover_enabled=&#8221;off&#8221; button_one_text_color__hover_enabled=&#8221;off&#8221; button_two_text_color__hover_enabled=&#8221;off&#8221; button_border_width__hover_enabled=&#8221;off&#8221; button_one_border_width__hover_enabled=&#8221;off&#8221; button_two_border_width__hover_enabled=&#8221;off&#8221; button_border_color__hover_enabled=&#8221;off&#8221; button_one_border_color__hover_enabled=&#8221;off&#8221; button_two_border_color__hover_enabled=&#8221;off&#8221; button_border_radius__hover_enabled=&#8221;off&#8221; button_one_border_radius__hover_enabled=&#8221;off&#8221; button_two_border_radius__hover_enabled=&#8221;off&#8221; button_letter_spacing__hover_enabled=&#8221;off&#8221; button_one_letter_spacing__hover_enabled=&#8221;off&#8221; button_two_letter_spacing__hover_enabled=&#8221;off&#8221; button_bg_color__hover_enabled=&#8221;off&#8221; button_one_bg_color__hover_enabled=&#8221;off&#8221; button_two_bg_color__hover_enabled=&#8221;off&#8221;][\/et_pb_contact_field][et_pb_contact_field field_id=&#8221;Email&#8221; field_title=&#8221;Adresse e-mail&#8221; field_type=&#8221;email&#8221; _builder_version=&#8221;3.16&#8243; button_text_size__hover_enabled=&#8221;off&#8221; button_one_text_size__hover_enabled=&#8221;off&#8221; button_two_text_size__hover_enabled=&#8221;off&#8221; button_text_color__hover_enabled=&#8221;off&#8221; button_one_text_color__hover_enabled=&#8221;off&#8221; button_two_text_color__hover_enabled=&#8221;off&#8221; button_border_width__hover_enabled=&#8221;off&#8221; button_one_border_width__hover_enabled=&#8221;off&#8221; button_two_border_width__hover_enabled=&#8221;off&#8221; button_border_color__hover_enabled=&#8221;off&#8221; button_one_border_color__hover_enabled=&#8221;off&#8221; button_two_border_color__hover_enabled=&#8221;off&#8221; button_border_radius__hover_enabled=&#8221;off&#8221; button_one_border_radius__hover_enabled=&#8221;off&#8221; button_two_border_radius__hover_enabled=&#8221;off&#8221; button_letter_spacing__hover_enabled=&#8221;off&#8221; button_one_letter_spacing__hover_enabled=&#8221;off&#8221; button_two_letter_spacing__hover_enabled=&#8221;off&#8221; button_bg_color__hover_enabled=&#8221;off&#8221; button_one_bg_color__hover_enabled=&#8221;off&#8221; button_two_bg_color__hover_enabled=&#8221;off&#8221;][\/et_pb_contact_field][et_pb_contact_field field_id=&#8221;Message&#8221; field_title=&#8221;Message&#8221; field_type=&#8221;text&#8221; fullwidth_field=&#8221;on&#8221; _builder_version=&#8221;3.16&#8243; button_text_size__hover_enabled=&#8221;off&#8221; button_one_text_size__hover_enabled=&#8221;off&#8221; button_two_text_size__hover_enabled=&#8221;off&#8221; button_text_color__hover_enabled=&#8221;off&#8221; button_one_text_color__hover_enabled=&#8221;off&#8221; button_two_text_color__hover_enabled=&#8221;off&#8221; button_border_width__hover_enabled=&#8221;off&#8221; button_one_border_width__hover_enabled=&#8221;off&#8221; button_two_border_width__hover_enabled=&#8221;off&#8221; button_border_color__hover_enabled=&#8221;off&#8221; button_one_border_color__hover_enabled=&#8221;off&#8221; button_two_border_color__hover_enabled=&#8221;off&#8221; button_border_radius__hover_enabled=&#8221;off&#8221; button_one_border_radius__hover_enabled=&#8221;off&#8221; button_two_border_radius__hover_enabled=&#8221;off&#8221; button_letter_spacing__hover_enabled=&#8221;off&#8221; button_one_letter_spacing__hover_enabled=&#8221;off&#8221; button_two_letter_spacing__hover_enabled=&#8221;off&#8221; button_bg_color__hover_enabled=&#8221;off&#8221; button_one_bg_color__hover_enabled=&#8221;off&#8221; button_two_bg_color__hover_enabled=&#8221;off&#8221;][\/et_pb_contact_field][\/et_pb_contact_form][\/et_pb_column][et_pb_column type=&#8221;1_4&#8243; _builder_version=&#8221;3.29.3&#8243;][\/et_pb_column][\/et_pb_row][\/et_pb_section][et_pb_section fb_built=&#8221;1&#8243; _builder_version=&#8221;3.29.3&#8243;][\/et_pb_section]<\/p>","protected":false},"excerpt":{"rendered":"<p>[et_pb_section fb_built=&#8221;1&#8243; _builder_version=&#8221;3.29.3&#8243;][et_pb_row _builder_version=&#8221;4.9.0&#8243;][et_pb_column type=&#8221;4_4&#8243; _builder_version=&#8221;3.29.3&#8243;][et_pb_text _builder_version=&#8221;4.9.0&#8243;] MODE OPERATOIRE INSCRIPTION [\/et_pb_text][et_pb_text _builder_version=&#8221;4.9.0&#8243;] Je me connecte sur www.Bastide-innovation.fr. \u00a0Sous la rubrique &#8220;Nouvel utilisateur ?&#8221; , je renseigne les informations n\u00e9cessaires \u00e0 la cr\u00e9ation de mon compte. Les intitul\u00e9s accompagn\u00e9s d&#8217;un ast\u00e9risque rouge ( * ) sont obligatoires. Les autres cases comme Service et Fonction sont facultatives [&hellip;]<\/p>","protected":false},"author":1,"featured_media":0,"parent":0,"menu_order":0,"comment_status":"closed","ping_status":"closed","template":"","meta":{"_et_pb_use_builder":"on","_et_pb_old_content":"","_et_gb_content_width":""},"_links":{"self":[{"href":"https:\/\/www.bastide-innovation.fr\/en\/wp-json\/wp\/v2\/pages\/111"}],"collection":[{"href":"https:\/\/www.bastide-innovation.fr\/en\/wp-json\/wp\/v2\/pages"}],"about":[{"href":"https:\/\/www.bastide-innovation.fr\/en\/wp-json\/wp\/v2\/types\/page"}],"author":[{"embeddable":true,"href":"https:\/\/www.bastide-innovation.fr\/en\/wp-json\/wp\/v2\/users\/1"}],"replies":[{"embeddable":true,"href":"https:\/\/www.bastide-innovation.fr\/en\/wp-json\/wp\/v2\/comments?post=111"}],"version-history":[{"count":25,"href":"https:\/\/www.bastide-innovation.fr\/en\/wp-json\/wp\/v2\/pages\/111\/revisions"}],"predecessor-version":[{"id":1444,"href":"https:\/\/www.bastide-innovation.fr\/en\/wp-json\/wp\/v2\/pages\/111\/revisions\/1444"}],"wp:attachment":[{"href":"https:\/\/www.bastide-innovation.fr\/en\/wp-json\/wp\/v2\/media?parent=111"}],"curies":[{"name":"wp","href":"https:\/\/api.w.org\/{rel}","templated":true}]}}