{"id":15,"date":"2019-10-04T08:56:03","date_gmt":"2019-10-04T08:56:03","guid":{"rendered":"https:\/\/www.bastide-innovation.fr\/?page_id=15"},"modified":"2021-01-26T16:54:24","modified_gmt":"2021-01-26T16:54:24","slug":"mentions-legales","status":"publish","type":"page","link":"https:\/\/www.bastide-innovation.fr\/en\/mentions-legales\/","title":{"rendered":"Mentions l\u00e9gales"},"content":{"rendered":"[et_pb_section fb_built=&#8221;1&#8243; _builder_version=&#8221;3.29.3&#8243; fb_built=&#8221;1&#8243; _i=&#8221;0&#8243; _address=&#8221;0&#8243;][et_pb_row _builder_version=&#8221;3.29.3&#8243; _i=&#8221;0&#8243; _address=&#8221;0.0&#8243;][et_pb_column type=&#8221;4_4&#8243; _builder_version=&#8221;3.29.3&#8243; _i=&#8221;0&#8243; _address=&#8221;0.0.0&#8243;][et_pb_post_title _builder_version=&#8221;3.29.3&#8243; meta=&#8221;off&#8221; hover_enabled=&#8221;0&#8243;][\/et_pb_post_title][et_pb_text _builder_version=&#8221;3.29.3&#8243; _i=&#8221;0&#8243; _address=&#8221;0.0.0.0&#8243;]<h2><span style=\"font-size: 14px; color: #666666; font-family: 'Open Sans', Arial, sans-serif;\">Conform\u00e9ment \u00e0 la loi n\u00b02004-575 du 21 juin 2004 pour la confiance dans l\u2019\u00e9conomie num\u00e9rique, nous vous informons que :<\/span><\/h2>\n<p>Le site web \u00ab www.bastide-innovation.fr \u00bb est la propri\u00e9t\u00e9 de La soci\u00e9t\u00e9 BASTIDE INNOVATION, soci\u00e9t\u00e9 par actions simplifi\u00e9es au capital de 10 000\u20ac, enregistr\u00e9e au RCS de NIMES sous le n\u00b0 851 106 096, Num\u00e9ro de TVA Intracommunautaire FR7851106096, et dont le si\u00e8ge social est situ\u00e9 Zone EURO 2000- 12 avenue de la Dame \u00e0 CAISSARGUES (30132).<br \/> Tel : 04 66 38 68 08<\/p>\n<p>Directeur de la Publication : Arnaud FAYOLLE<\/p>\n<p>H\u00e9bergeur : OVH SAS \u2013 2 rue Kellermann 59100 Roubaix Tel : 1007<\/p>\n<p>Le site \u00ab www.bastide-innovation.fr \u00bb est r\u00e9gi par le droit fran\u00e7ais; les visiteurs ayant acc\u00e8s au site de l\u2019\u00e9tranger, doivent s&#8217;assurer du respect des lois localement applicables.<\/p>\n<p>Les mentions l\u00e9gales pouvant \u00eatre modifi\u00e9es \u00e0 tout moment et sans pr\u00e9avis, nous vous invitons \u00e0 les consulter r\u00e9guli\u00e8rement.<\/p>\n<h4>Donn\u00e9es personnelles<\/h4>\n<p>Nous vous remercions de bien vouloir vous rapporter \u00e0 notre charte de protection des donn\u00e9es personnelles.<br \/> Les visiteurs de ce site sont inform\u00e9s et autorisent que des informations (t\u00e9moins de connexion ou \u00ab cookies \u00bb) peuvent \u00eatre temporairement conserv\u00e9es sur le disque dur de leur ordinateur afin de faciliter la navigation sur le site.<br \/> Toute information personnelle que vous serez amen\u00e9 \u00e0 transmettre \u00e0 BASTIDE INNOVATION est soumise aux dispositions de la loi n\u00b0 78-17 Informatique et Libert\u00e9s du 6 janvier 1978 relative \u00e0 l\u2019informatique, aux fichiers et aux libert\u00e9s, modifi\u00e9e et aux dispositions du R\u00e8glement G\u00e9n\u00e9ral de Protection des Donn\u00e9es Personnelles entr\u00e9 en vigueur le 27 Avril 2017 et applicable au 25 Mai 2018.<\/p>\n<h4>Propri\u00e9t\u00e9 intellectuelle<\/h4>\n<p>Le groupe BASTIDE INNOVATION d\u00e9tient, se r\u00e9serve et conserve tous les droits de propri\u00e9t\u00e9, notamment intellectuelle, y compris les droits de reproduction sur le pr\u00e9sent site et les \u00e9l\u00e9ments qu\u2019il contient.<br \/> En cons\u00e9quence et notamment toute reproduction partielle ou totale du pr\u00e9sent site et des \u00e9l\u00e9ments qu\u2019il contient est strictement interdite sans autorisation \u00e9crite de BASTIDE INNOVATION.<br \/> Les marques, brevets, logos et tous autres signes distinctifs contenus sur ce site sont la propri\u00e9t\u00e9 de BASTIDE INNOVATION ou font l&#8217;objet d&#8217;une autorisation d&#8217;utilisation. Aucun droit ou licence ne saurait \u00eatre attribu\u00e9 sur l&#8217;un quelconque de ces \u00e9l\u00e9ments sans l&#8217;autorisation \u00e9crite de BASTIDE INNOVATION ou du tiers d\u00e9tenteur des droits.<\/p>\n<h4>Exclusion de garantie et de responsabilit\u00e9<\/h4>\n<p>L\u2019utilisateur du site web \u00ab www.bastide-innovation.fr \u00bb reconna\u00eet avoir pris connaissance des pr\u00e9sentes conditions d\u2019utilisation du site et s\u2019engage \u00e0 les respecter.<br \/> BASTIDE INNOVATION ne saurait \u00eatre tenue pour responsable des dommages directs ou indirects qui pourraient r\u00e9sulter de l\u2019acc\u00e8s au site ou de l\u2019utilisation du site et\/ou de ces informations, y compris l\u2019inaccessibilit\u00e9, les pertes de donn\u00e9es, d\u00e9t\u00e9riorations, destructions ou virus qui pourraient affecter l\u2019\u00e9quipement informatique de l\u2019utilisateur et\/ou de la pr\u00e9sence de virus sur son site.<br \/> Bien que BASTIDE INNOVATION s\u2019efforce de fournir un contenu fiable sur son site, il ne garantit pas que son contenu soit exempt d\u2019inexactitudes ou d\u2019omissions et ne saurait \u00eatre tenu pour responsable des erreurs ou omissions, d\u2019une absence de disponibilit\u00e9 des informations et des services. BASTIDE INNOVATION se r\u00e9serve \u00e0 tout moment et sans pr\u00e9avis le droit d\u2019apporter des am\u00e9liorations et\/ou des modifications au contenu de son site.<br \/> En cons\u00e9quence, l\u2019utilisateur reconna\u00eet se servir de ses informations sous sa responsabilit\u00e9 exclusive.<\/p>\n<h4>Liens vers d&#8217;autres sites<\/h4>\n<p>Le site peut inclure des liens vers d&#8217;autres sites ou d&#8217;autres sources Internet. Dans la mesure o\u00f9 BASTIDE INNOVATION ne peut contr\u00f4ler ces sites et ces sources externes, BASTIDE INNOVATION ne peut \u00eatre tenu pour responsable de la mise \u00e0 disposition de ces sites et sources externes, et d\u00e9cline ainsi toute responsabilit\u00e9 quant aux contenus, publicit\u00e9s, produits, services ou tout autre mat\u00e9riel disponible sur ou \u00e0 partir de ces sites ou sources externes. Ces liens sont propos\u00e9s aux utilisateurs du site BASTIDE INNOVATION en tant que service. La d\u00e9cision d\u2019activer les liens vous appartient exclusivement.<br \/> Nous vous rappelons que les sites non-affili\u00e9s sont soumis \u00e0 leurs propres conditions d&#8217;utilisation.<\/p>[\/et_pb_text][\/et_pb_column][\/et_pb_row][\/et_pb_section]","protected":false},"excerpt":{"rendered":"","protected":false},"author":1,"featured_media":0,"parent":0,"menu_order":0,"comment_status":"closed","ping_status":"closed","template":"","meta":{"_et_pb_use_builder":"on","_et_pb_old_content":"<!-- wp:divi\/placeholder \/-->","_et_gb_content_width":""},"_links":{"self":[{"href":"https:\/\/www.bastide-innovation.fr\/en\/wp-json\/wp\/v2\/pages\/15"}],"collection":[{"href":"https:\/\/www.bastide-innovation.fr\/en\/wp-json\/wp\/v2\/pages"}],"about":[{"href":"https:\/\/www.bastide-innovation.fr\/en\/wp-json\/wp\/v2\/types\/page"}],"author":[{"embeddable":true,"href":"https:\/\/www.bastide-innovation.fr\/en\/wp-json\/wp\/v2\/users\/1"}],"replies":[{"embeddable":true,"href":"https:\/\/www.bastide-innovation.fr\/en\/wp-json\/wp\/v2\/comments?post=15"}],"version-history":[{"count":5,"href":"https:\/\/www.bastide-innovation.fr\/en\/wp-json\/wp\/v2\/pages\/15\/revisions"}],"predecessor-version":[{"id":824,"href":"https:\/\/www.bastide-innovation.fr\/en\/wp-json\/wp\/v2\/pages\/15\/revisions\/824"}],"wp:attachment":[{"href":"https:\/\/www.bastide-innovation.fr\/en\/wp-json\/wp\/v2\/media?parent=15"}],"curies":[{"name":"wp","href":"https:\/\/api.w.org\/{rel}","templated":true}]}}