{"id":17,"date":"2019-10-04T08:56:40","date_gmt":"2019-10-04T08:56:40","guid":{"rendered":"https:\/\/www.bastide-innovation.fr\/?page_id=17"},"modified":"2022-03-15T10:25:32","modified_gmt":"2022-03-15T10:25:32","slug":"politique-de-confidentialite","status":"publish","type":"page","link":"https:\/\/www.bastide-innovation.fr\/en\/politique-de-confidentialite\/","title":{"rendered":"Politique de confidentialit\u00e9"},"content":{"rendered":"<p>[et_pb_section fb_built=&#8221;1&#8243; _builder_version=&#8221;3.29.3&#8243;][et_pb_row _builder_version=&#8221;3.29.3&#8243;][et_pb_column type=&#8221;4_4&#8243; _builder_version=&#8221;3.29.3&#8243;][et_pb_post_title meta=&#8221;off&#8221; _builder_version=&#8221;3.29.3&#8243;][\/et_pb_post_title][et_pb_text _builder_version=&#8221;4.9.0&#8243;]<\/p>\n<p>BASTIDE INNOVATION s&#8217;engage \u00e0 assurer le meilleur niveau de protection \u00e0 vos donn\u00e9es personnelles en conformit\u00e9 avec les r\u00e9glementations europ\u00e9ennes et fran\u00e7aises qui lui sont applicables en mati\u00e8re de protection des donn\u00e9es personnelles.\u00a0Pour toute information sur la protection des donn\u00e9es personnelles, vous pouvez \u00e9galement consulter le site de la Commission Informatique et Libert\u00e9\u00a0<a href=\"http:\/\/www.cnil.fr\/\">www.cnil.fr<\/a>.<\/p>\n<p>En utilisant le site\u00a0<a href=\"https:\/\/www.bastide-innovation.fr\/en\/\">www.bastide-innovation.fr<\/a>, vous acceptez la collecte et l\u2019utilisation de vos donn\u00e9es personnelles de la mani\u00e8re d\u00e9crite dans la pr\u00e9sente Charte de protection des donn\u00e9es.<\/p>\n<p>BASTIDE INNOVATION est une filiale de BASTIDE LE CONFORT .qui est le coresponsable de traitement avec la SAS BASTIDE GROUPE (filiale de BASTIDE LE CONFORT MEDICAL) en charge d\u2019un ou de plusieurs traitements de donn\u00e9es \u00e0 caract\u00e8re personnel dont elles d\u00e9terminent les finalit\u00e9s et les moyens.<\/p>\n<p>Les responsables du traitement traitent vos donn\u00e9es personnelles dans le respect de votre vie priv\u00e9e.<\/p>\n<ol>\n<li><strong> <\/strong><strong><u>Quelles sont les donn\u00e9es personnelles collect\u00e9es\u00a0? <\/u><\/strong><\/li>\n<\/ol>\n<p>Dans le cadre de ces traitements, vos donn\u00e9es collect\u00e9es peuvent \u00eatre, notamment, les suivantes\u00a0:<\/p>\n<p>&#8211;\u00a0 \u00a0 \u00a0 \u00a0Votre pr\u00e9nom, nom, e-mail, num\u00e9ro de t\u00e9l\u00e9phone<\/p>\n<p>-Intitul\u00e9 de poste<\/p>\n<p>&#8211; Site de rattachement<\/p>\n<p>&#8211;\u00a0\u00a0\u00a0\u00a0\u00a0\u00a0\u00a0 T\u00e9moins de connexions \u201ccookies\u201d<\/p>\n<p>&#8211;\u00a0\u00a0\u00a0\u00a0\u00a0\u00a0\u00a0 Donn\u00e9es de connexion et de navigation<\/p>\n<p>&#8211;\u00a0\u00a0\u00a0\u00a0\u00a0\u00a0\u00a0 D\u2019autres informations que vous souhaitez nous communiquer dans le cadre du d\u00e9p\u00f4t de votre projet<\/p>\n<p>Le caract\u00e8re obligatoire ou facultatif des donn\u00e9es vous est signal\u00e9 lors de la collecte par un ast\u00e9risque.<\/p>\n<ol>\n<li><strong> <\/strong><strong><u>Quelles sont les finalit\u00e9s pour lesquelles vos donn\u00e9es sont collect\u00e9es\u00a0? <\/u><\/strong><\/li>\n<\/ol>\n<p>Pour les finalit\u00e9s suivantes, nous demandons votre consentement :<\/p>\n<p>&#8211;\u00a0\u00a0\u00a0\u00a0\u00a0\u00a0\u00a0 inscription et participation au Challenge BASTIDE ,<\/p>\n<p>&#8211;\u00a0\u00a0\u00a0\u00a0\u00a0\u00a0\u00a0traitement de votre dossier de participation au Challenge BASTIDE INNOVATION,<\/p>\n<p>&#8211;\u00a0\u00a0\u00a0\u00a0\u00a0\u00a0\u00a0 vote pour un projet d\u00e9pos\u00e9 dans le cadre du Challenge BASTIDE INNOVATION.<\/p>\n<p>Le fondement de votre traitement repose sur l\u2019int\u00e9r\u00eat l\u00e9gitime du responsable de traitement d\u2019organiser le challenge BASTIDE INNOVATION.<\/p>\n<ul>\n<li><strong> <\/strong><strong><u>Cookies<\/u><\/strong><\/li>\n<\/ul>\n<p><strong><u>\u00a0<\/u><\/strong><\/p>\n<p>Le site <a href=\"https:\/\/www.bastide-innovation.fr\/en\/\">www.bastide-innovation.fr<\/a> utilise des cookies techniques strictement n\u00e9cessaires au fonctionnement du site et permettant d\u2019am\u00e9liorer votre navigation. Et qui sont les suivants :<\/p>\n<table width=\"377\">\n<tbody>\n<tr>\n<td>Session<\/td>\n<td>Les cookies de session sont utilis\u00e9s pour maintenir l\u2019\u00e9tat de l\u2019application.<\/td>\n<\/tr>\n<tr>\n<td>S\u00e9curit\u00e9<\/td>\n<td>Les cookies de s\u00e9curit\u00e9 sont utilis\u00e9s pour les contr\u00f4les et v\u00e9rifications de la s\u00e9curit\u00e9.<\/td>\n<\/tr>\n<\/tbody>\n<\/table>\n<p><strong><u>\u00a0<\/u><\/strong><\/p>\n<p><strong><u>\u00a0<\/u><\/strong><\/p>\n<ol>\n<li><strong> <\/strong><strong><u>Comment vos donn\u00e9es sont-elles collect\u00e9es<\/u><\/strong><strong>?<\/strong><\/li>\n<\/ol>\n<p>Sur notre site internet, ces donn\u00e9es sont collect\u00e9es par le biais du formulaire de d\u00e9p\u00f4t de projet dans le cadre de votre participation au challenge BASTIDE INNOVATION 2<sup>\u00e8me<\/sup> \u00e9dition, ainsi que dans le cadre de votre vote pour un projet.<\/p>\n<ol>\n<li><strong> <\/strong><strong><u>Quand ces donn\u00e9es sont-elles collect\u00e9es<\/u><\/strong><strong>?<\/strong><\/li>\n<\/ol>\n<p>Les responsable du traitement collectent les informations que vous nous fournissez notamment :<\/p>\n<p>&#8211;\u00a0\u00a0\u00a0\u00a0\u00a0\u00a0\u00a0 lors de votre inscription et d\u00e9p\u00f4t de votre projet et\/ou de votre vote<\/p>\n<p>&#8211;\u00a0\u00a0\u00a0\u00a0\u00a0\u00a0\u00a0\u00a0\u00a0\u00a0 quand vous naviguez sur le site <a href=\"https:\/\/www.bastide-innovation.fr\/en\/\"><\/a><\/p>\n<ol>\n<li><strong> <\/strong><strong><u>Pour quelle dur\u00e9e sont-elles conserv\u00e9es\u00a0?<\/u><\/strong><\/li>\n<\/ol>\n<p>vos donn\u00e9es sont conserv\u00e9es \u00a0selon une dur\u00e9e d\u00e9termin\u00e9e.<\/p>\n<p>Elles sont conserv\u00e9es pour la plus longue des dur\u00e9es n\u00e9cessaires au respect des dispositions l\u00e9gales et r\u00e9glementaires applicables ou une autre dur\u00e9e compte tenu des contraintes op\u00e9rationnelles.<\/p>\n<ul>\n<li><strong> <\/strong><strong><u>Quels sont les destinataires de vos donn\u00e9es\u00a0? <\/u><\/strong><\/li>\n<\/ul>\n<p>Les responsables du traitement ne divulguent pas vos donn\u00e9es personnelles \u00e0 d\u2019autres entreprises (hors BASTIDE INNOVATION, BASTIDE GROUPE, et filiales du groupe), ainsi que les membres du Jury du Challenge BASTIDE INNOVATION . Les destinataires de ces donn\u00e9es sont selon les cas des soci\u00e9t\u00e9s sous-traitantes. Cette divulgation se fait toujours avec des mesures de s\u00e9curit\u00e9 administratives, techniques et physiques afin de les prot\u00e9ger contre toute divulgation, utilisation, modification et destruction illicite par des tiers. Les responsables du traitement s\u2019engagent \u00e0 assurer des contr\u00f4les de s\u00e9curit\u00e9 appropri\u00e9s pour prot\u00e9ger vos donn\u00e9es personnelles contre tout danger pr\u00e9visible. Vous \u00eates inform\u00e9 que des donn\u00e9es vous concernant ne sont pas transmises \u00e0 des soci\u00e9t\u00e9s situ\u00e9es dans des pays hors Union Europ\u00e9enne<\/p>\n<p>Par ailleurs, notre site peut contenir des liens vers d\u2019autres sites Web que nous ne poss\u00e9dons pas ni n\u2019exploitons. Dans la mesure o\u00f9 les sites li\u00e9s ne font pas partis de <a href=\"https:\/\/www.bastide-innovation.fr\/en\/\">www.bastide-innovation.fr<\/a>, nous ne les contr\u00f4lons pas et nous ne sommes pas responsables de leurs contenus, produits, services ou politiques et pratiques de confidentialit\u00e9.<\/p>\n<ul>\n<li><strong> <\/strong><strong><u>Comment vos donn\u00e9es sont-elles prot\u00e9g\u00e9es\u00a0? <\/u><\/strong><\/li>\n<\/ul>\n<p>Les responsables du traitement s\u2019engagent \u00e0 prot\u00e9ger la s\u00e9curit\u00e9, la confidentialit\u00e9 et l\u2019int\u00e9grit\u00e9 de vos donn\u00e9es personnelles fournies sur notre site. Elles ont \u00a0nomm\u00e9 un D\u00e9l\u00e9gu\u00e9 \u00e0 la protection des donn\u00e9es (disponible \u00e0 l\u2019adresse suivante\u00a0<a href=\"mailto:dpo@bastide-medical.fr\">dpo@bastide-medical.fr<\/a>\u00a0) dont la mission est de garantir la conformit\u00e9 des traitements que nous mettons en \u0153uvre et d\u2019assurer l\u2019exercice de vos droits.<\/p>\n<ol>\n<li><strong> <\/strong><strong><u>Quels sont vos droits et comment les exercer\u00a0?<\/u><\/strong><\/li>\n<\/ol>\n<p><strong>Le droit d\u2019acc\u00e8s\u00a0<\/strong>: Vous pouvez demander aux responsables du traitement d\u2019obtenir la confirmation que des donn\u00e9es personnelles vous concernant sont ou ne sont pas trait\u00e9es par nos services. Si elles le sont, vous pouvez en demander la copie.<\/p>\n<p><strong>Le droit de rectification\u00a0:\u00a0<\/strong>Le droit de demander aux responsables du traitement la modification de vos informations inexactes sur sa base de donn\u00e9es.<\/p>\n<p><strong>Le droit \u00e0 l\u2019effacement\u00a0:\u00a0<\/strong>Les responsables du traitement effacent vos informations contenues dans nos bases de donn\u00e9es dans la mesure o\u00f9 ces derni\u00e8res sont plus pertinentes \u00e0 l\u2019une des finalit\u00e9s \u00e9nonc\u00e9es ci-dessus .<\/p>\n<p><strong>Le droit d\u2019opposition et de retrait de consentement\u00a0:\u00a0<\/strong>Vous souhaitez ne pas ou ne plus appara\u00eetre sur un fichier de nos bases, vous le pouvez en exer\u00e7ant l\u2019un de ces droits et \u00e0 tout moment.<\/p>\n<p><strong>Le droit de limitation du traitement\u00a0:\u00a0<\/strong>Vous pouvez demander la suspension d\u2019un traitement vous concernant le temps d\u2019une v\u00e9rification<\/p>\n<p><strong>Le droit \u00e0 la portabilit\u00e9\u00a0:\u00a0<\/strong>C\u2019est le droit d\u2019obtenir que ses donn\u00e9es personnelles soient transmises, dans un format structur\u00e9, couramment utilis\u00e9 et lisible pour l\u2019ordinateur, \u00e0 nous m\u00eame ou \u00e0 un autre responsable de traitement, lorsque cela est techniquement possible.<\/p>\n<p><strong>Le droit de d\u00e9finir des directives relatives au sort de nos donn\u00e9es apr\u00e8s son d\u00e9c\u00e8s\u00a0:\u00a0<\/strong>Sans directive de votre part, apr\u00e8s un certain d\u00e9lai d\u2019inactivit\u00e9, les responsables du traitement suppriment vos donn\u00e9es. N\u00e9anmoins, vos h\u00e9ritiers peuvent apr\u00e8s votre d\u00e9c\u00e8s exercer les droits sur vos donn\u00e9es.<br \/> <strong><br \/> Le droit d\u2019introduire une r\u00e9clamation aupr\u00e8s de la CNIL\u00a0<\/strong>Vous pouvez introduire une r\u00e9clamation si vous consid\u00e9rez que le traitement de donn\u00e9es \u00e0 caract\u00e8re personnel vous concernant constitue une violation \u00e0 la r\u00e8glementation.<\/p>\n<p><strong>Contact pour l\u2019exercice de vos droits\u00a0<\/strong><\/p>\n<p>Pour toute question relative \u00e0 la pr\u00e9sente charte ou pour l\u2019exercice de vos droits, vous pouvez nous envoyer conform\u00e9ment \u00e0 la r\u00e9glementation, une demande accompagn\u00e9e d\u2019un justificatif d\u2019identit\u00e9 valide :<\/p>\n<p>&#8211;\u00a0\u00a0\u00a0\u00a0\u00a0\u00a0\u00a0 Soit par courrier \u00e0 l\u2019adresse suivante aupr\u00e8s de chacun des coresponsables du traitement:<\/p>\n<ul>\n<li>BASTIDE LE CONFORT MEDICAL \u2013 CHALLENGE INNOVATION \u2013 DPO &#8211; CS 28219 \u2013 30942 NIMES CEDEX 9<\/li>\n<li>BASTIDE GROUPE\u2013 CHALLENGE INNOVATION \u2013 DPO &#8211; CS 28219 \u2013 30942 NIMES CEDEX 9<\/li>\n<\/ul>\n<p>&#8211;\u00a0\u00a0\u00a0\u00a0\u00a0\u00a0\u00a0 Soit par e-mail \u00e0 : <a href=\"mailto:dpo@bastide-medical.fr\">dpo@bastide-medical.fr<\/a><\/p>\n<p><strong>Loi et juridiction applicable<\/strong><\/p>\n<p>La pr\u00e9sente charte relative \u00e0 la protection de vos donn\u00e9es personnelles est r\u00e9gie par la loi fran\u00e7aise et tout litige \u00e0 son sujet rel\u00e8vera de la comp\u00e9tence exclusive des tribunaux fran\u00e7ais.<\/p>\n<p>Derni\u00e8re mise \u00e0 jour : 01\/02\/2021<\/p>\n<p>[\/et_pb_text][\/et_pb_column][\/et_pb_row][\/et_pb_section][et_pb_section fb_built=&#8221;1&#8243; _builder_version=&#8221;4.9.0&#8243; _module_preset=&#8221;default&#8221;][et_pb_row _builder_version=&#8221;4.9.0&#8243; _module_preset=&#8221;default&#8221;][et_pb_column _builder_version=&#8221;4.9.0&#8243; _module_preset=&#8221;default&#8221; type=&#8221;4_4&#8243;][et_pb_code _builder_version=&#8221;4.9.0&#8243; _module_preset=&#8221;default&#8221; hover_enabled=&#8221;0&#8243; sticky_enabled=&#8221;0&#8243;]<style type=\"text\/css\">\n    .asl-cont .onoffswitch .onoffswitch-label .onoffswitch-switch:before {content: \"OPEN\" !important;}\n  .asl-cont .onoffswitch .onoffswitch-label .onoffswitch-switch:after {content: \"ALL\" !important;}\n  @media (max-width: 767px) {\n    #asl-storelocator.asl-cont .asl-panel {order: 0;}\n  }\n<\/style>\n<div id=\"asl-storelocator\" class=\"storelocator-main asl-cont asl-template-0 asl-layout-0 asl-bg-0 no-asl-filters  asl-text-1\">\n  <div class=\"asl-wrapper\">\n    <div class=\"sl-container\">\n            <div class=\"sl-gdpr-cont\">\n          <div class=\"gdpr-ol\"><\/div>\n          <div class=\"gdpr-ol-bg\">\n            <div class=\"gdpr-box\">\n              <p>Due to the GDPR, we need your consent to load data from Google, more information in our privacy policy.<\/p>\n              <a class=\"btn btn-asl\" id=\"sl-btn-gdpr\">Load Store Locator<\/a>\n            <\/div>\n          <\/div>\n      <\/div>\n            <div class=\"sl-row\">\n        <div class=\"pol-12\">\n            <div class=\"sl-main-cont\">\n                <div class=\"sl-row no-gutters sl-main-row\">\n                    <div id=\"asl-panel\" class=\"asl-panel pol-md-5 pol-lg-4 asl_locator-panel\">\n                        <div class=\"asl-overlay\" id=\"map-loading\">\n                            <div class=\"white\"><\/div>\n                            <div class=\"sl-loading\">\n                              <i class=\"animate-sl-spin icon-spin3\"><\/i>\n                              Loading...                            <\/div>\n                        <\/div>\n                        <div class=\"inside search_filter\">\n                          <p class=\"mb-2\">Search Location<\/p>\n                          <div class=\"asl-store-search\">\n                            <input type=\"text\" value=\"\" id=\"auto-complete-search\" class=\"asl-search-address form-control\" placeholder=\"Enter a Location\">\n                            <button type=\"button\" class=\"span-geo\"><i class=\"asl-geo asl-geo icon-direction-outline\" title=\"Current Location\"><\/i><\/button>\n                          <\/div>  \n                        <\/div>\n                        <!-- list -->\n                        <div class=\"asl-panel-inner\">\n                            <div class=\"top-title Num_of_store\">\n                              <span>Stores: <span class=\"count-result\">0<\/span><\/span>\n                              <a class=\"asl-print-btn\"><span>PRINT<\/span><span class=\"asl-print\"><\/span><\/a>\n                            <\/div>\n                            <div class=\"sl-main-cont-box\">\n                              <div id=\"asl-list\" class=\"sl-list-wrapper\">\n                                <ul id=\"p-statelist\" class=\"sl-list\">\n                                <\/ul>\n                              <\/div>\n                            <\/div>\n                        <\/div>\n\n                        <div class=\"directions-cont hide\">\n                            <div class=\"agile-modal-header\">\n                                <button type=\"button\" class=\"close\"><span aria-hidden=\"true\">\u00d7<\/span><\/button>\n                                <h4>Store Direction<\/h4>\n                            <\/div>\n                            <div class=\"rendered-directions\" id=\"asl-rendered-dir\" style=\"direction: ltr;\"><\/div>\n                        <\/div>\n                    <\/div>\n                    <div class=\"pol-md-7 pol-lg-8 asl-map\">\n                        <div class=\"map-image\">\n                            <div id=\"asl-map-canv\" class=\"asl-map-canv\"><\/div>\n                            <div id=\"agile-modal-direction\" class=\"agile-modal fade\">\n    <div class=\"agile-modal-backdrop-in\"><\/div>\n    <div class=\"agile-modal-dialog in\">\n        <div class=\"agile-modal-content\">\n            <div class=\"sl-form-group d-flex justify-content-between\">\n                <h4>Get Your Directions<\/h4>\n                <button type=\"button\" class=\"close-directions sl-close\" data-dismiss=\"agile-modal\" aria-label=\"Close\">&times;<\/button>\n            <\/div>\n            <div class=\"sl-form-group\">\n                <label for=\"frm-lbl\">From:<\/label>\n                <input type=\"text\" class=\"form-control frm-place\" id=\"frm-lbl\" placeholder=\"Enter a Location\">\n            <\/div>\n            <div class=\"sl-form-group\">\n                <label for=\"frm-lbl\">To:<\/label>\n                <input readonly=\"true\" type=\"text\"  class=\"directions-to form-control\" id=\"to-lbl\" placeholder=\"Prepopulated Destination Address\">\n            <\/div>\n            <div class=\"sl-form-group mb-0\">\n                <label class=\"checkbox-inline\">\n                    <input type=\"radio\" name=\"dist-type\"  id=\"rbtn-km\" value=\"0\"> KM                <\/label>\n                <label class=\"checkbox-inline\">\n                    <input type=\"radio\" name=\"dist-type\" checked id=\"rbtn-mile\" value=\"1\"> Mile                <\/label>\n            <\/div>\n            <div class=\"sl-form-group mb-0\">\n                <button type=\"submit\" class=\"btn btn-default btn-submit\">GET DIRECTIONS<\/button>\n            <\/div>\n        <\/div>\n    <\/div>\n<\/div>\n\n<div id=\"asl-geolocation-agile-modal\" class=\"agile-modal fade\">\n  <div class=\"agile-modal-backdrop-in\"><\/div>\n  <div class=\"agile-modal-dialog in\">\n    <div class=\"agile-modal-content\">\n            <div class=\"sl-form-group d-flex justify-content-between\">\n        <h4>LOCATE YOUR GEOPOSITION<\/h4>\n        <button type=\"button\" class=\"close-directions sl-close\" data-dismiss=\"agile-modal\" aria-label=\"Close\" aria-hidden=\"true\">&times;<\/button>\n      <\/div>\n      <div class=\"sl-form-group\">\n        <div class=\"sl-row\">\n        <div class=\"pol-lg-9\">\n          <input type=\"text\" class=\"form-control\" id=\"asl-current-loc\" placeholder=\"Your Address\">\n        <\/div>\n        <div class=\"pol-lg-3 pl-lg-0\">\n          <button type=\"button\" id=\"asl-btn-locate\" class=\"btn btn-block btn-default\">LOCATE<\/button>\n        <\/div>\n        <\/div>\n      <\/div>\n          <\/div>\n  <\/div>\n<\/div>\n\n<div id=\"asl-desc-agile-modal\" class=\"agile-modal fade\">\n  <div class=\"agile-modal-backdrop-in\"><\/div>\n  <div class=\"agile-modal-dialog in\">\n    <div class=\"agile-modal-content\">\n      <div class=\"sl-row\">\n        <div class=\"pol-md-12\">\n          <div class=\"sl-form-group d-flex justify-content-between\">\n            <h4 class=\"sl-title\"><\/h4>\n            <button type=\"button\" class=\"close-directions sl-close\" data-dismiss=\"agile-modal\" aria-label=\"Close\">&times;<\/button>\n          <\/div>\n          <p class=\"sl-desc\"><\/p>\n        <\/div>\n      <\/div>\n    <\/div>\n  <\/div>\n<\/div>                        <\/div>\n                    <\/div>\n                <\/div>\n            <\/div>\n        <\/div>\n      <\/div>\n    <\/div>\n  <\/div>\n<\/div>\n<!-- This plugin is developed by \"Agile Store Locator for WordPress\" https:\/\/agilestorelocator.com -->[\/et_pb_code][\/et_pb_column][\/et_pb_row][\/et_pb_section]<\/p>","protected":false},"excerpt":{"rendered":"<p>[et_pb_section fb_built=&#8221;1&#8243; _builder_version=&#8221;3.29.3&#8243;][et_pb_row _builder_version=&#8221;3.29.3&#8243;][et_pb_column type=&#8221;4_4&#8243; _builder_version=&#8221;3.29.3&#8243;][et_pb_post_title meta=&#8221;off&#8221; _builder_version=&#8221;3.29.3&#8243;][\/et_pb_post_title][et_pb_text _builder_version=&#8221;4.9.0&#8243;] BASTIDE INNOVATION s&#8217;engage \u00e0 assurer le meilleur niveau de protection \u00e0 vos donn\u00e9es personnelles en conformit\u00e9 avec les r\u00e9glementations europ\u00e9ennes et fran\u00e7aises qui lui sont applicables en mati\u00e8re de protection des donn\u00e9es personnelles.\u00a0Pour toute information sur la protection des donn\u00e9es personnelles, vous pouvez \u00e9galement consulter le [&hellip;]<\/p>","protected":false},"author":1,"featured_media":0,"parent":0,"menu_order":0,"comment_status":"closed","ping_status":"closed","template":"","meta":{"_et_pb_use_builder":"on","_et_pb_old_content":"<!-- wp:divi\/placeholder \/-->","_et_gb_content_width":""},"_links":{"self":[{"href":"https:\/\/www.bastide-innovation.fr\/en\/wp-json\/wp\/v2\/pages\/17"}],"collection":[{"href":"https:\/\/www.bastide-innovation.fr\/en\/wp-json\/wp\/v2\/pages"}],"about":[{"href":"https:\/\/www.bastide-innovation.fr\/en\/wp-json\/wp\/v2\/types\/page"}],"author":[{"embeddable":true,"href":"https:\/\/www.bastide-innovation.fr\/en\/wp-json\/wp\/v2\/users\/1"}],"replies":[{"embeddable":true,"href":"https:\/\/www.bastide-innovation.fr\/en\/wp-json\/wp\/v2\/comments?post=17"}],"version-history":[{"count":13,"href":"https:\/\/www.bastide-innovation.fr\/en\/wp-json\/wp\/v2\/pages\/17\/revisions"}],"predecessor-version":[{"id":1565,"href":"https:\/\/www.bastide-innovation.fr\/en\/wp-json\/wp\/v2\/pages\/17\/revisions\/1565"}],"wp:attachment":[{"href":"https:\/\/www.bastide-innovation.fr\/en\/wp-json\/wp\/v2\/media?parent=17"}],"curies":[{"name":"wp","href":"https:\/\/api.w.org\/{rel}","templated":true}]}}